{"id":13759,"date":"2024-09-30T15:47:51","date_gmt":"2024-09-30T15:47:51","guid":{"rendered":"https:\/\/outsource-24.de\/?page_id=13759"},"modified":"2025-03-07T18:44:45","modified_gmt":"2025-03-07T18:44:45","slug":"qualitaet","status":"publish","type":"page","link":"https:\/\/outsource-24.de\/?page_id=13759","title":{"rendered":"OUTSOURCE-24 | QUALIT\u00c4T"},"content":{"rendered":"\t\t<div data-elementor-type=\"wp-page\" data-elementor-id=\"13759\" class=\"elementor elementor-13759\" data-elementor-post-type=\"page\">\n\t\t\t\t<div class=\"elementor-element elementor-element-05b3c7b animated-slow e-flex e-con-boxed wpr-particle-no wpr-jarallax-no wpr-parallax-no wpr-sticky-section-no elementor-invisible e-con e-parent\" data-id=\"05b3c7b\" data-element_type=\"container\" data-settings=\"{&quot;animation&quot;:&quot;fadeIn&quot;}\">\n\t\t\t\t\t<div class=\"e-con-inner\">\n\t\t\t\t<div class=\"elementor-element elementor-element-4f09bd8 exad-sticky-section-no exad-glass-effect-no elementor-widget elementor-widget-heading\" data-id=\"4f09bd8\" data-element_type=\"widget\" data-widget_type=\"heading.default\">\n\t\t\t\t<div class=\"elementor-widget-container\">\n\t\t\t<style>\/*! elementor - v3.23.0 - 25-07-2024 *\/\n.elementor-heading-title{padding:0;margin:0;line-height:1}.elementor-widget-heading .elementor-heading-title[class*=elementor-size-]>a{color:inherit;font-size:inherit;line-height:inherit}.elementor-widget-heading .elementor-heading-title.elementor-size-small{font-size:15px}.elementor-widget-heading .elementor-heading-title.elementor-size-medium{font-size:19px}.elementor-widget-heading .elementor-heading-title.elementor-size-large{font-size:29px}.elementor-widget-heading .elementor-heading-title.elementor-size-xl{font-size:39px}.elementor-widget-heading .elementor-heading-title.elementor-size-xxl{font-size:59px}<\/style><h2 class=\"elementor-heading-title elementor-size-default\">QUALIT\u00c4T<\/h2>\t\t<\/div>\n\t\t\t\t<\/div>\n\t\t\t\t<div class=\"elementor-element elementor-element-71c96cb exad-sticky-section-no exad-glass-effect-no elementor-widget elementor-widget-heading\" data-id=\"71c96cb\" data-element_type=\"widget\" data-widget_type=\"heading.default\">\n\t\t\t\t<div class=\"elementor-widget-container\">\n\t\t\t<h2 class=\"elementor-heading-title elementor-size-default\">H\u00f6chste Standards, garantiert.<\/h2>\t\t<\/div>\n\t\t\t\t<\/div>\n\t\t\t\t\t<\/div>\n\t\t\t\t<\/div>\n\t\t<div class=\"elementor-element elementor-element-9ccf0ca e-grid animated-slow e-con-boxed wpr-particle-no wpr-jarallax-no wpr-parallax-no wpr-sticky-section-no elementor-invisible e-con e-parent\" data-id=\"9ccf0ca\" data-element_type=\"container\" data-settings=\"{&quot;animation&quot;:&quot;fadeIn&quot;}\">\n\t\t\t\t\t<div class=\"e-con-inner\">\n\t\t\t\t<div class=\"elementor-element elementor-element-1234e53 animated-slow exad-sticky-section-no exad-glass-effect-no elementor-invisible elementor-widget elementor-widget-heading\" data-id=\"1234e53\" data-element_type=\"widget\" data-settings=\"{&quot;_animation&quot;:&quot;fadeIn&quot;}\" data-widget_type=\"heading.default\">\n\t\t\t\t<div class=\"elementor-widget-container\">\n\t\t\t<p class=\"elementor-heading-title elementor-size-default\">Die Outsource24 GmbH ist Ihr kompetenter Partner f\u00fcr ma\u00dfgeschneiderte Outsourcing-L\u00f6sungen. Wir entwickeln flexible Services, die Ihre spezifischen Anforderungen erf\u00fcllen anstatt starre Dienstleistungspakete anzubieten. Ob Routineaufgaben, Kapazit\u00e4tserweiterungen, komplexe Prozesse oder die vollst\u00e4ndige \u00dcbernahme mehrerer Prozesse \u2013 Outsource24 maximiert Ihre Effizienz und setzt wertvolle Ressourcen frei.<\/p>\t\t<\/div>\n\t\t\t\t<\/div>\n\t\t\t\t\t<\/div>\n\t\t\t\t<\/div>\n\t\t<div class=\"elementor-element elementor-element-1bbe436 e-grid e-con-boxed wpr-particle-no wpr-jarallax-no wpr-parallax-no wpr-sticky-section-no e-con e-parent\" data-id=\"1bbe436\" data-element_type=\"container\">\n\t\t\t\t\t<div class=\"e-con-inner\">\n\t\t<div class=\"elementor-element elementor-element-a6df803 e-grid e-con-full animated-slow wpr-particle-no wpr-jarallax-no wpr-parallax-no wpr-sticky-section-no elementor-invisible e-con e-child\" data-id=\"a6df803\" data-element_type=\"container\" data-settings=\"{&quot;animation&quot;:&quot;fadeIn&quot;}\">\n\t\t\t\t<div class=\"elementor-element elementor-element-0370a1f animated-slow exad-sticky-section-no exad-glass-effect-no elementor-invisible elementor-widget elementor-widget-heading\" data-id=\"0370a1f\" data-element_type=\"widget\" data-settings=\"{&quot;_animation&quot;:&quot;fadeIn&quot;}\" data-widget_type=\"heading.default\">\n\t\t\t\t<div class=\"elementor-widget-container\">\n\t\t\t<p class=\"elementor-heading-title elementor-size-default\">Unsere Qualit\u00e4tsphilosophie basiert auf umfassendem Wissen und langj\u00e4hriger Erfahrung, die wir in jedes Projekt einbringen. Durch strenge Qualit\u00e4tskontrollen und eine sorgf\u00e4ltige \u00dcberwachung aller Arbeitsabl\u00e4ufe streben wir danach, Ihre h\u00f6chsten Erwartungen nicht nur zu erf\u00fcllen, sondern zu \u00fcbertreffen. Dies wird durch unser striktes und l\u00fcckenloses Qualit\u00e4tsmanagementsystem nach DIN EN ISO 9001:2015* unterst\u00fctzt, das auf eine stabile und kontinuierliche Zusammenarbeit ausgelegt ist.<\/p>\t\t<\/div>\n\t\t\t\t<\/div>\n\t\t\t\t<div class=\"elementor-element elementor-element-1a2ac56 animated-slow exad-sticky-section-no exad-glass-effect-no elementor-invisible elementor-widget elementor-widget-image\" data-id=\"1a2ac56\" data-element_type=\"widget\" data-settings=\"{&quot;_animation&quot;:&quot;fadeIn&quot;}\" data-widget_type=\"image.default\">\n\t\t\t\t<div class=\"elementor-widget-container\">\n\t\t\t<style>\/*! elementor - v3.23.0 - 25-07-2024 *\/\n.elementor-widget-image{text-align:center}.elementor-widget-image a{display:inline-block}.elementor-widget-image a img[src$=\".svg\"]{width:48px}.elementor-widget-image img{vertical-align:middle;display:inline-block}<\/style>\t\t\t\t\t\t\t\t\t\t<img fetchpriority=\"high\" decoding=\"async\" width=\"360\" height=\"360\" src=\"https:\/\/outsource-24.de\/wp-content\/uploads\/2024\/09\/Zert-Logo-9001_2015-V-1_0.png\" class=\"elementor-animation-grow attachment-large size-large wp-image-13310\" alt=\"QUACERT\" srcset=\"https:\/\/outsource-24.de\/wp-content\/uploads\/2024\/09\/Zert-Logo-9001_2015-V-1_0.png 360w, https:\/\/outsource-24.de\/wp-content\/uploads\/2024\/09\/Zert-Logo-9001_2015-V-1_0-300x300.png 300w, https:\/\/outsource-24.de\/wp-content\/uploads\/2024\/09\/Zert-Logo-9001_2015-V-1_0-150x150.png 150w\" sizes=\"(max-width: 360px) 100vw, 360px\" \/>\t\t\t\t\t\t\t\t\t\t\t\t\t<\/div>\n\t\t\t\t<\/div>\n\t\t\t\t<\/div>\n\t\t\t\t\t<\/div>\n\t\t\t\t<\/div>\n\t\t<div class=\"elementor-element elementor-element-cf1697a e-grid animated-slow e-con-boxed wpr-particle-no wpr-jarallax-no wpr-parallax-no wpr-sticky-section-no elementor-invisible e-con e-parent\" data-id=\"cf1697a\" data-element_type=\"container\" data-settings=\"{&quot;animation&quot;:&quot;fadeIn&quot;}\">\n\t\t\t\t\t<div class=\"e-con-inner\">\n\t\t\t\t<div class=\"elementor-element elementor-element-5c019f8 animated-slow exad-sticky-section-no exad-glass-effect-no elementor-invisible elementor-widget elementor-widget-heading\" data-id=\"5c019f8\" data-element_type=\"widget\" data-settings=\"{&quot;_animation&quot;:&quot;fadeIn&quot;}\" data-widget_type=\"heading.default\">\n\t\t\t\t<div class=\"elementor-widget-container\">\n\t\t\t<p class=\"elementor-heading-title elementor-size-default\">Ein weiterer Vorteil unserer Qualit\u00e4tsorientierung ist die nachhaltige Verbesserung Ihrer Wettbewerbsf\u00e4higkeit. Durch die Anwendung bew\u00e4hrter Methoden und innovativer Ans\u00e4tze sorgen wir daf\u00fcr, dass Ihre Projekte effizient und kosteneffektiv umgesetzt werden. Vertrauen Sie auf die Outsource24 GmbH, um von Qualit\u00e4t zu profitieren, die nicht nur \u00fcberzeugt, sondern auch nachhaltigen Erfolg sichert.\n<\/p>\t\t<\/div>\n\t\t\t\t<\/div>\n\t\t\t\t\t<\/div>\n\t\t\t\t<\/div>\n\t\t<div class=\"elementor-element elementor-element-ac3ea0e e-grid animated-slow e-con-boxed wpr-particle-no wpr-jarallax-no wpr-parallax-no wpr-sticky-section-no elementor-invisible e-con e-parent\" data-id=\"ac3ea0e\" data-element_type=\"container\" data-settings=\"{&quot;animation&quot;:&quot;fadeIn&quot;}\">\n\t\t\t\t\t<div class=\"e-con-inner\">\n\t\t\t\t<div class=\"elementor-element elementor-element-5b41b41 animated-slow exad-sticky-section-no exad-glass-effect-no elementor-invisible elementor-widget elementor-widget-heading\" data-id=\"5b41b41\" data-element_type=\"widget\" data-settings=\"{&quot;_animation&quot;:&quot;fadeIn&quot;}\" data-widget_type=\"heading.default\">\n\t\t\t\t<div class=\"elementor-widget-container\">\n\t\t\t<p class=\"elementor-heading-title elementor-size-default\">Bei der Outsource24 GmbH legen wir gro\u00dfen Wert darauf, dass unsere Prozesse transparent und nachvollziehbar sind. Dies schafft Vertrauen und erm\u00f6glicht eine enge und langfristige Zusammenarbeit mit unseren Kunden. Durch unsere umfassende Qualit\u00e4tsstrategie bieten wir Ihnen Sicherheit, Verl\u00e4sslichkeit und hervorragende Leistung in jedem Projekt. Vertrauen Sie auf die Outsource24 GmbH f\u00fcr eine dauerhafte Zusammenarbeit, die durch Qualit\u00e4t, Exzellenz und Fairness gepr\u00e4gt ist.\n<\/p>\t\t<\/div>\n\t\t\t\t<\/div>\n\t\t\t\t\t<\/div>\n\t\t\t\t<\/div>\n\t\t<div class=\"elementor-element elementor-element-3439d04 e-flex e-con-boxed wpr-particle-no wpr-jarallax-no wpr-parallax-no wpr-sticky-section-no e-con e-parent\" data-id=\"3439d04\" data-element_type=\"container\">\n\t\t\t\t\t<div class=\"e-con-inner\">\n\t\t\t\t<div class=\"elementor-element elementor-element-6f28283 exad-sticky-section-no exad-glass-effect-no elementor-widget elementor-widget-text-editor\" data-id=\"6f28283\" data-element_type=\"widget\" data-widget_type=\"text-editor.default\">\n\t\t\t\t<div class=\"elementor-widget-container\">\n\t\t\t<style>\/*! elementor - v3.23.0 - 25-07-2024 *\/\n.elementor-widget-text-editor.elementor-drop-cap-view-stacked .elementor-drop-cap{background-color:#69727d;color:#fff}.elementor-widget-text-editor.elementor-drop-cap-view-framed .elementor-drop-cap{color:#69727d;border:3px solid;background-color:transparent}.elementor-widget-text-editor:not(.elementor-drop-cap-view-default) .elementor-drop-cap{margin-top:8px}.elementor-widget-text-editor:not(.elementor-drop-cap-view-default) .elementor-drop-cap-letter{width:1em;height:1em}.elementor-widget-text-editor .elementor-drop-cap{float:left;text-align:center;line-height:1;font-size:50px}.elementor-widget-text-editor .elementor-drop-cap-letter{display:inline-block}<\/style>\t\t\t\t<p>*Die Zertifizierung nach DIN EN ISO 9001:2015 umfasst ausschlie\u00dflich den Hauptstandort in D\u00fcsseldorf.<\/p>\t\t\t\t\t\t<\/div>\n\t\t\t\t<\/div>\n\t\t\t\t\t<\/div>\n\t\t\t\t<\/div>\n\t\t\t\t<\/div>\n\t\t","protected":false},"excerpt":{"rendered":"<p>QUALIT\u00c4T H\u00f6chste Standards, garantiert. Die Outsource24 GmbH ist Ihr kompetenter Partner f\u00fcr ma\u00dfgeschneiderte Outsourcing-L\u00f6sungen. Wir entwickeln flexible Services, die Ihre spezifischen Anforderungen erf\u00fcllen anstatt starre Dienstleistungspakete anzubieten. Ob Routineaufgaben, Kapazit\u00e4tserweiterungen, komplexe Prozesse oder die vollst\u00e4ndige \u00dcbernahme mehrerer Prozesse \u2013 Outsource24 maximiert Ihre Effizienz und setzt wertvolle Ressourcen frei. Unsere Qualit\u00e4tsphilosophie basiert auf umfassendem Wissen und langj\u00e4hriger Erfahrung, die wir in jedes Projekt einbringen. Durch strenge&#8230; <\/p>\n<p class=\"more\"><a class=\"more-link\" href=\"https:\/\/outsource-24.de\/?page_id=13759\">Read More<\/a><\/p>\n","protected":false},"author":1,"featured_media":0,"parent":0,"menu_order":0,"comment_status":"closed","ping_status":"closed","template":"","meta":{"inline_featured_image":false,"footnotes":""},"class_list":["post-13759","page","type-page","status-publish","hentry","is-cat-link-borders-light is-cat-link-rounded"],"_links":{"self":[{"href":"https:\/\/outsource-24.de\/index.php?rest_route=\/wp\/v2\/pages\/13759"}],"collection":[{"href":"https:\/\/outsource-24.de\/index.php?rest_route=\/wp\/v2\/pages"}],"about":[{"href":"https:\/\/outsource-24.de\/index.php?rest_route=\/wp\/v2\/types\/page"}],"author":[{"embeddable":true,"href":"https:\/\/outsource-24.de\/index.php?rest_route=\/wp\/v2\/users\/1"}],"replies":[{"embeddable":true,"href":"https:\/\/outsource-24.de\/index.php?rest_route=%2Fwp%2Fv2%2Fcomments&post=13759"}],"version-history":[{"count":6,"href":"https:\/\/outsource-24.de\/index.php?rest_route=\/wp\/v2\/pages\/13759\/revisions"}],"predecessor-version":[{"id":15878,"href":"https:\/\/outsource-24.de\/index.php?rest_route=\/wp\/v2\/pages\/13759\/revisions\/15878"}],"wp:attachment":[{"href":"https:\/\/outsource-24.de\/index.php?rest_route=%2Fwp%2Fv2%2Fmedia&parent=13759"}],"curies":[{"name":"wp","href":"https:\/\/api.w.org\/{rel}","templated":true}]}}