{"id":15039,"date":"2024-10-16T19:29:11","date_gmt":"2024-10-16T19:29:11","guid":{"rendered":"https:\/\/outsource-24.de\/?page_id=15039"},"modified":"2025-02-19T18:15:39","modified_gmt":"2025-02-19T18:15:39","slug":"outsource-24-kuenye","status":"publish","type":"page","link":"https:\/\/outsource-24.de\/?page_id=15039","title":{"rendered":"OUTSOURCE-24 | K\u00dcNYE"},"content":{"rendered":"\t\t<div data-elementor-type=\"wp-page\" data-elementor-id=\"15039\" class=\"elementor elementor-15039\" data-elementor-post-type=\"page\">\n\t\t\t\t<div class=\"elementor-element elementor-element-1f6f29d2 animated-slow e-flex e-con-boxed wpr-particle-no wpr-jarallax-no wpr-parallax-no wpr-sticky-section-no elementor-invisible e-con e-parent\" data-id=\"1f6f29d2\" data-element_type=\"container\" data-settings=\"{&quot;animation&quot;:&quot;fadeIn&quot;}\">\n\t\t\t\t\t<div class=\"e-con-inner\">\n\t\t\t\t<div class=\"elementor-element elementor-element-d36f3d2 exad-sticky-section-no exad-glass-effect-no elementor-widget elementor-widget-heading\" data-id=\"d36f3d2\" data-element_type=\"widget\" data-widget_type=\"heading.default\">\n\t\t\t\t<div class=\"elementor-widget-container\">\n\t\t\t<style>\/*! elementor - v3.23.0 - 25-07-2024 *\/\n.elementor-heading-title{padding:0;margin:0;line-height:1}.elementor-widget-heading .elementor-heading-title[class*=elementor-size-]>a{color:inherit;font-size:inherit;line-height:inherit}.elementor-widget-heading .elementor-heading-title.elementor-size-small{font-size:15px}.elementor-widget-heading .elementor-heading-title.elementor-size-medium{font-size:19px}.elementor-widget-heading .elementor-heading-title.elementor-size-large{font-size:29px}.elementor-widget-heading .elementor-heading-title.elementor-size-xl{font-size:39px}.elementor-widget-heading .elementor-heading-title.elementor-size-xxl{font-size:59px}<\/style><h2 class=\"elementor-heading-title elementor-size-default\">K\u00fcnye<\/h2>\t\t<\/div>\n\t\t\t\t<\/div>\n\t\t\t\t\t<\/div>\n\t\t\t\t<\/div>\n\t\t<div class=\"elementor-element elementor-element-f925110 animated-slow e-flex e-con-boxed wpr-particle-no wpr-jarallax-no wpr-parallax-no wpr-sticky-section-no elementor-invisible e-con e-parent\" data-id=\"f925110\" data-element_type=\"container\" data-settings=\"{&quot;animation&quot;:&quot;fadeIn&quot;}\">\n\t\t\t\t\t<div class=\"e-con-inner\">\n\t\t\t\t<div class=\"elementor-element elementor-element-d1be5ad exad-sticky-section-no exad-glass-effect-no elementor-widget elementor-widget-heading\" data-id=\"d1be5ad\" data-element_type=\"widget\" data-widget_type=\"heading.default\">\n\t\t\t\t<div class=\"elementor-widget-container\">\n\t\t\t<h2 class=\"elementor-heading-title elementor-size-default\">Bilgiler 5. Madde TMG\u2019ye G\u00f6re<\/h2>\t\t<\/div>\n\t\t\t\t<\/div>\n\t\t\t\t<div class=\"elementor-element elementor-element-2aae464 exad-sticky-section-no exad-glass-effect-no elementor-widget elementor-widget-heading\" data-id=\"2aae464\" data-element_type=\"widget\" data-widget_type=\"heading.default\">\n\t\t\t\t<div class=\"elementor-widget-container\">\n\t\t\t<h2 class=\"elementor-heading-title elementor-size-default\">Outsource24 GmbH<br>\nReisholzer Werftstra\u00dfe 75<br>\nD-40589 Du\u0308sseldorf<br>\nAlmanya<br><br><\/h2>\t\t<\/div>\n\t\t\t\t<\/div>\n\t\t\t\t\t<\/div>\n\t\t\t\t<\/div>\n\t\t<div class=\"elementor-element elementor-element-1bd60ec e-flex e-con-boxed wpr-particle-no wpr-jarallax-no wpr-parallax-no wpr-sticky-section-no elementor-invisible e-con e-parent\" data-id=\"1bd60ec\" data-element_type=\"container\" data-settings=\"{&quot;animation&quot;:&quot;fadeIn&quot;}\">\n\t\t\t\t\t<div class=\"e-con-inner\">\n\t\t\t\t<div class=\"elementor-element elementor-element-60bf850 exad-sticky-section-no exad-glass-effect-no elementor-widget elementor-widget-heading\" data-id=\"60bf850\" data-element_type=\"widget\" data-widget_type=\"heading.default\">\n\t\t\t\t<div class=\"elementor-widget-container\">\n\t\t\t<h2 class=\"elementor-heading-title elementor-size-default\">\u0130leti\u015fim<\/h2>\t\t<\/div>\n\t\t\t\t<\/div>\n\t\t\t\t<div class=\"elementor-element elementor-element-ea3aed2 exad-sticky-section-no exad-glass-effect-no elementor-widget elementor-widget-heading\" data-id=\"ea3aed2\" data-element_type=\"widget\" data-widget_type=\"heading.default\">\n\t\t\t\t<div class=\"elementor-widget-container\">\n\t\t\t<h2 class=\"elementor-heading-title elementor-size-default\">Telefon: +49 (0) 211 58393804<br>\nFaks: +49 (0) 211 58393809<br>\nE-Posta: info@outsource-24.de<br><br><\/h2>\t\t<\/div>\n\t\t\t\t<\/div>\n\t\t\t\t\t<\/div>\n\t\t\t\t<\/div>\n\t\t<div class=\"elementor-element elementor-element-58b762f animated-slow e-flex e-con-boxed wpr-particle-no wpr-jarallax-no wpr-parallax-no wpr-sticky-section-no elementor-invisible e-con e-parent\" data-id=\"58b762f\" data-element_type=\"container\" data-settings=\"{&quot;animation&quot;:&quot;fadeIn&quot;}\">\n\t\t\t\t\t<div class=\"e-con-inner\">\n\t\t\t\t<div class=\"elementor-element elementor-element-32f62b8 exad-sticky-section-no exad-glass-effect-no elementor-widget elementor-widget-heading\" data-id=\"32f62b8\" data-element_type=\"widget\" data-widget_type=\"heading.default\">\n\t\t\t\t<div class=\"elementor-widget-container\">\n\t\t\t<h2 class=\"elementor-heading-title elementor-size-default\">KDV Kimlik Numaras\u0131<\/h2>\t\t<\/div>\n\t\t\t\t<\/div>\n\t\t\t\t<div class=\"elementor-element elementor-element-ba9bc1a exad-sticky-section-no exad-glass-effect-no elementor-widget elementor-widget-heading\" data-id=\"ba9bc1a\" data-element_type=\"widget\" data-widget_type=\"heading.default\">\n\t\t\t\t<div class=\"elementor-widget-container\">\n\t\t\t<h2 class=\"elementor-heading-title elementor-size-default\">Almanya KDV Kanunu\u2019nun \u00a7 27 a maddesine g\u00f6re KDV Kimlik Numaras\u0131: <br> DE321848952<br><br><\/h2>\t\t<\/div>\n\t\t\t\t<\/div>\n\t\t\t\t\t<\/div>\n\t\t\t\t<\/div>\n\t\t<div class=\"elementor-element elementor-element-c79f47d e-flex e-con-boxed wpr-particle-no wpr-jarallax-no wpr-parallax-no wpr-sticky-section-no elementor-invisible e-con e-parent\" data-id=\"c79f47d\" data-element_type=\"container\" data-settings=\"{&quot;animation&quot;:&quot;fadeIn&quot;}\">\n\t\t\t\t\t<div class=\"e-con-inner\">\n\t\t\t\t<div class=\"elementor-element elementor-element-97467d2 exad-sticky-section-no exad-glass-effect-no elementor-widget elementor-widget-heading\" data-id=\"97467d2\" data-element_type=\"widget\" data-widget_type=\"heading.default\">\n\t\t\t\t<div class=\"elementor-widget-container\">\n\t\t\t<h2 class=\"elementor-heading-title elementor-size-default\">Ticaret Sicil Numaras\u0131<\/h2>\t\t<\/div>\n\t\t\t\t<\/div>\n\t\t\t\t<div class=\"elementor-element elementor-element-67dd582 exad-sticky-section-no exad-glass-effect-no elementor-widget elementor-widget-heading\" data-id=\"67dd582\" data-element_type=\"widget\" data-widget_type=\"heading.default\">\n\t\t\t\t<div class=\"elementor-widget-container\">\n\t\t\t<h2 class=\"elementor-heading-title elementor-size-default\">HRB85512<br>\nD\u00fcsseldorf Yerel Mahkemesi<br><br><\/h2>\t\t<\/div>\n\t\t\t\t<\/div>\n\t\t\t\t\t<\/div>\n\t\t\t\t<\/div>\n\t\t<div class=\"elementor-element elementor-element-83a8a23 e-flex e-con-boxed wpr-particle-no wpr-jarallax-no wpr-parallax-no wpr-sticky-section-no elementor-invisible e-con e-parent\" data-id=\"83a8a23\" data-element_type=\"container\" data-settings=\"{&quot;animation&quot;:&quot;fadeIn&quot;}\">\n\t\t\t\t\t<div class=\"e-con-inner\">\n\t\t\t\t<div class=\"elementor-element elementor-element-1113393 exad-sticky-section-no exad-glass-effect-no elementor-widget elementor-widget-heading\" data-id=\"1113393\" data-element_type=\"widget\" data-widget_type=\"heading.default\">\n\t\t\t\t<div class=\"elementor-widget-container\">\n\t\t\t<h2 class=\"elementor-heading-title elementor-size-default\">\u0130\u00e7erikten Sorumlu\nAlmanya RStV\u2019nin \u00a7 55, 2. f\u0131kras\u0131na g\u00f6re<\/h2>\t\t<\/div>\n\t\t\t\t<\/div>\n\t\t\t\t<div class=\"elementor-element elementor-element-08c2333 exad-sticky-section-no exad-glass-effect-no elementor-widget elementor-widget-heading\" data-id=\"08c2333\" data-element_type=\"widget\" data-widget_type=\"heading.default\">\n\t\t\t\t<div class=\"elementor-widget-container\">\n\t\t\t<h2 class=\"elementor-heading-title elementor-size-default\">Ertu\u011frul Altunda\u011f<br>\nReisholzer Werftstra\u00dfe 75<br>\nD-40589 Du\u0308sseldorf<br>\nAlmanya<br><br><\/h2>\t\t<\/div>\n\t\t\t\t<\/div>\n\t\t\t\t\t<\/div>\n\t\t\t\t<\/div>\n\t\t<div class=\"elementor-element elementor-element-de9c873 e-flex e-con-boxed wpr-particle-no wpr-jarallax-no wpr-parallax-no wpr-sticky-section-no elementor-invisible e-con e-parent\" data-id=\"de9c873\" data-element_type=\"container\" data-settings=\"{&quot;animation&quot;:&quot;fadeIn&quot;}\">\n\t\t\t\t\t<div class=\"e-con-inner\">\n\t\t\t\t<div class=\"elementor-element elementor-element-a20b495 exad-sticky-section-no exad-glass-effect-no elementor-widget elementor-widget-heading\" data-id=\"a20b495\" data-element_type=\"widget\" data-widget_type=\"heading.default\">\n\t\t\t\t<div class=\"elementor-widget-container\">\n\t\t\t<h2 class=\"elementor-heading-title elementor-size-default\">Uyu\u015fmazl\u0131k \u00c7\u00f6z\u00fcm\u00fc<\/h2>\t\t<\/div>\n\t\t\t\t<\/div>\n\t\t\t\t<div class=\"elementor-element elementor-element-a854afa exad-sticky-section-no exad-glass-effect-no elementor-widget elementor-widget-heading\" data-id=\"a854afa\" data-element_type=\"widget\" data-widget_type=\"heading.default\">\n\t\t\t\t<div class=\"elementor-widget-container\">\n\t\t\t<h2 class=\"elementor-heading-title elementor-size-default\">Avrupa Komisyonu, \u00e7evrimi\u00e7i uyu\u015fmazl\u0131k \u00e7\u00f6z\u00fcm\u00fc (ODR) i\u00e7in bir platform sunmaktad\u0131r: https:\/\/ec.europa.eu\/consumers\/odr. E-posta adresimiz yukar\u0131daki k\u00fcnyede bulunabilir. T\u00fcketici tahkim kurulunda uyu\u015fmazl\u0131k \u00e7\u00f6z\u00fcm\u00fcne kat\u0131lmaya ne istekliyiz ne de mecburuz.<br><br><\/h2>\t\t<\/div>\n\t\t\t\t<\/div>\n\t\t\t\t\t<\/div>\n\t\t\t\t<\/div>\n\t\t<div class=\"elementor-element elementor-element-cab06c7 e-flex e-con-boxed wpr-particle-no wpr-jarallax-no wpr-parallax-no wpr-sticky-section-no elementor-invisible e-con e-parent\" data-id=\"cab06c7\" data-element_type=\"container\" data-settings=\"{&quot;animation&quot;:&quot;fadeIn&quot;}\">\n\t\t\t\t\t<div class=\"e-con-inner\">\n\t\t\t\t<div class=\"elementor-element elementor-element-6bbfdba exad-sticky-section-no exad-glass-effect-no elementor-widget elementor-widget-heading\" data-id=\"6bbfdba\" data-element_type=\"widget\" data-widget_type=\"heading.default\">\n\t\t\t\t<div class=\"elementor-widget-container\">\n\t\t\t<h2 class=\"elementor-heading-title elementor-size-default\">\u0130\u00e7erik Sorumlulu\u011fu<\/h2>\t\t<\/div>\n\t\t\t\t<\/div>\n\t\t\t\t<div class=\"elementor-element elementor-element-90e3206 exad-sticky-section-no exad-glass-effect-no elementor-widget elementor-widget-heading\" data-id=\"90e3206\" data-element_type=\"widget\" data-widget_type=\"heading.default\">\n\t\t\t\t<div class=\"elementor-widget-container\">\n\t\t\t<h2 class=\"elementor-heading-title elementor-size-default\">Hizmet sa\u011flay\u0131c\u0131lar\u0131 olarak, genel yasalara g\u00f6re bu sayfalardaki kendi i\u00e7eriklerimizden \u00a7 7, 1. f\u0131kra TMG\u2019ye g\u00f6re sorumluyuz. Ancak, \u00a7\u00a7 8 ila 10 TMG\u2019ye g\u00f6re, hizmet sa\u011flay\u0131c\u0131lar\u0131 olarak iletilen veya depolanan yabanc\u0131 bilgileri izlemek veya yasa d\u0131\u015f\u0131 faaliyetleri g\u00f6steren durumlar\u0131 ara\u015ft\u0131rmak zorunda de\u011filiz. Genel yasalar kapsam\u0131nda bilgilerin kald\u0131r\u0131lmas\u0131 veya kullan\u0131m\u0131n\u0131n engellenmesine ili\u015fkin y\u00fck\u00fcml\u00fcl\u00fckler bundan etkilenmez. Ancak, bu konudaki sorumluluk, yaln\u0131zca belirli bir yasal ihlalden haberdar olundu\u011fu andan itibaren m\u00fcmk\u00fcnd\u00fcr. B\u00f6yle bir yasal ihlalden haberdar oldu\u011fumuzda, ilgili i\u00e7erikleri derhal kald\u0131raca\u011f\u0131z.<br><br><\/h2>\t\t<\/div>\n\t\t\t\t<\/div>\n\t\t\t\t\t<\/div>\n\t\t\t\t<\/div>\n\t\t<div class=\"elementor-element elementor-element-3ea1466 e-flex e-con-boxed wpr-particle-no wpr-jarallax-no wpr-parallax-no wpr-sticky-section-no elementor-invisible e-con e-parent\" data-id=\"3ea1466\" data-element_type=\"container\" data-settings=\"{&quot;animation&quot;:&quot;fadeIn&quot;}\">\n\t\t\t\t\t<div class=\"e-con-inner\">\n\t\t\t\t<div class=\"elementor-element elementor-element-b6279e1 exad-sticky-section-no exad-glass-effect-no elementor-widget elementor-widget-heading\" data-id=\"b6279e1\" data-element_type=\"widget\" data-widget_type=\"heading.default\">\n\t\t\t\t<div class=\"elementor-widget-container\">\n\t\t\t<h2 class=\"elementor-heading-title elementor-size-default\">Ba\u011flant\u0131lar \u0130\u00e7in Sorumluluk<\/h2>\t\t<\/div>\n\t\t\t\t<\/div>\n\t\t\t\t<div class=\"elementor-element elementor-element-f59b60f exad-sticky-section-no exad-glass-effect-no elementor-widget elementor-widget-heading\" data-id=\"f59b60f\" data-element_type=\"widget\" data-widget_type=\"heading.default\">\n\t\t\t\t<div class=\"elementor-widget-container\">\n\t\t\t<h2 class=\"elementor-heading-title elementor-size-default\">Teklifimiz, i\u00e7eri\u011fi \u00fczerinde hi\u00e7bir etkimizin olmad\u0131\u011f\u0131 \u00fc\u00e7\u00fcnc\u00fc taraflara ait harici web sitelerine ba\u011flant\u0131lar i\u00e7ermektedir. Bu nedenle, bu harici i\u00e7erikler i\u00e7in herhangi bir sorumluluk \u00fcstlenemeyiz. Ba\u011flant\u0131l\u0131 sayfalar\u0131n i\u00e7eri\u011finden her zaman ilgili sa\u011flay\u0131c\u0131 veya site i\u015fletmecisi sorumludur. Ba\u011flant\u0131lar\u0131n verildi\u011fi anda, olas\u0131 yasal ihlaller a\u00e7\u0131s\u0131ndan ba\u011flant\u0131l\u0131 sayfalar kontrol edilmi\u015ftir. Ba\u011flant\u0131 verildi\u011fi s\u0131rada yasa d\u0131\u015f\u0131 i\u00e7erikler tespit edilmemi\u015ftir. Ancak, ba\u011flant\u0131l\u0131 sayfalar\u0131n i\u00e7eri\u011finin s\u00fcrekli kontrol edilmesi, somut bir ihlal belirtisi olmaks\u0131z\u0131n makul de\u011fildir. Yasal ihlallerden haberdar oldu\u011fumuzda, bu t\u00fcr ba\u011flant\u0131lar\u0131 derhal kald\u0131raca\u011f\u0131z.<br><br><\/h2>\t\t<\/div>\n\t\t\t\t<\/div>\n\t\t\t\t\t<\/div>\n\t\t\t\t<\/div>\n\t\t<div class=\"elementor-element elementor-element-3f6ae90 e-flex e-con-boxed wpr-particle-no wpr-jarallax-no wpr-parallax-no wpr-sticky-section-no elementor-invisible e-con e-parent\" data-id=\"3f6ae90\" data-element_type=\"container\" data-settings=\"{&quot;animation&quot;:&quot;fadeIn&quot;}\">\n\t\t\t\t\t<div class=\"e-con-inner\">\n\t\t\t\t<div class=\"elementor-element elementor-element-b192c60 exad-sticky-section-no exad-glass-effect-no elementor-widget elementor-widget-heading\" data-id=\"b192c60\" data-element_type=\"widget\" data-widget_type=\"heading.default\">\n\t\t\t\t<div class=\"elementor-widget-container\">\n\t\t\t<h2 class=\"elementor-heading-title elementor-size-default\">Telif Hakk\u0131<\/h2>\t\t<\/div>\n\t\t\t\t<\/div>\n\t\t\t\t<div class=\"elementor-element elementor-element-421fb59 exad-sticky-section-no exad-glass-effect-no elementor-widget elementor-widget-heading\" data-id=\"421fb59\" data-element_type=\"widget\" data-widget_type=\"heading.default\">\n\t\t\t\t<div class=\"elementor-widget-container\">\n\t\t\t<h2 class=\"elementor-heading-title elementor-size-default\">Bu sayfalardaki i\u00e7erik ve eserler site operat\u00f6rleri taraf\u0131ndan olu\u015fturulmu\u015f olup, Alman telif hakk\u0131 yasalar\u0131na tabidir. Telif hakk\u0131 s\u0131n\u0131rlar\u0131n\u0131n d\u0131\u015f\u0131nda \u00e7o\u011faltma, d\u00fczenleme, da\u011f\u0131t\u0131m ve her t\u00fcrl\u00fc kullan\u0131m, ilgili yazar\u0131n veya yarat\u0131c\u0131n\u0131n yaz\u0131l\u0131 iznini gerektirir. Bu sitenin indirilmesi ve kopyalanmas\u0131 yaln\u0131zca \u00f6zel, ticari olmayan kullan\u0131m i\u00e7in izinlidir. Bu sitedeki i\u00e7erik operat\u00f6r taraf\u0131ndan olu\u015fturulmam\u0131\u015fsa, \u00fc\u00e7\u00fcnc\u00fc taraflar\u0131n telif haklar\u0131na sayg\u0131 g\u00f6sterilir. \u00d6zellikle, \u00fc\u00e7\u00fcnc\u00fc taraflar\u0131n i\u00e7erikleri bu \u015fekilde i\u015faretlenmi\u015ftir. Yine de bir telif hakk\u0131 ihlali fark ederseniz, l\u00fctfen bize bildirin. Yasal ihlallerden haberdar oldu\u011fumuzda, bu t\u00fcr i\u00e7erikleri derhal kald\u0131raca\u011f\u0131z.<\/h2>\t\t<\/div>\n\t\t\t\t<\/div>\n\t\t\t\t\t<\/div>\n\t\t\t\t<\/div>\n\t\t\t\t<\/div>\n\t\t","protected":false},"excerpt":{"rendered":"<p>K\u00fcnye Bilgiler 5. Madde TMG\u2019ye G\u00f6re Outsource24 GmbH Reisholzer Werftstra\u00dfe 75 D-40589 Du\u0308sseldorf Almanya \u0130leti\u015fim Telefon: +49 (0) 211 58393804 Faks: +49 (0) 211 58393809 E-Posta: info@outsource-24.de KDV Kimlik Numaras\u0131 Almanya KDV Kanunu\u2019nun \u00a7 27 a maddesine g\u00f6re KDV Kimlik Numaras\u0131: DE321848952 Ticaret Sicil Numaras\u0131 HRB85512 D\u00fcsseldorf Yerel Mahkemesi \u0130\u00e7erikten Sorumlu Almanya RStV\u2019nin \u00a7 55, 2. f\u0131kras\u0131na g\u00f6re Ertu\u011frul Altunda\u011f Reisholzer Werftstra\u00dfe 75 D-40589 Du\u0308sseldorf&#8230; <\/p>\n<p class=\"more\"><a class=\"more-link\" href=\"https:\/\/outsource-24.de\/?page_id=15039\">Read More<\/a><\/p>\n","protected":false},"author":1,"featured_media":0,"parent":0,"menu_order":0,"comment_status":"closed","ping_status":"closed","template":"","meta":{"inline_featured_image":false,"footnotes":""},"class_list":["post-15039","page","type-page","status-publish","hentry","is-cat-link-borders-light is-cat-link-rounded"],"_links":{"self":[{"href":"https:\/\/outsource-24.de\/index.php?rest_route=\/wp\/v2\/pages\/15039"}],"collection":[{"href":"https:\/\/outsource-24.de\/index.php?rest_route=\/wp\/v2\/pages"}],"about":[{"href":"https:\/\/outsource-24.de\/index.php?rest_route=\/wp\/v2\/types\/page"}],"author":[{"embeddable":true,"href":"https:\/\/outsource-24.de\/index.php?rest_route=\/wp\/v2\/users\/1"}],"replies":[{"embeddable":true,"href":"https:\/\/outsource-24.de\/index.php?rest_route=%2Fwp%2Fv2%2Fcomments&post=15039"}],"version-history":[{"count":3,"href":"https:\/\/outsource-24.de\/index.php?rest_route=\/wp\/v2\/pages\/15039\/revisions"}],"predecessor-version":[{"id":15870,"href":"https:\/\/outsource-24.de\/index.php?rest_route=\/wp\/v2\/pages\/15039\/revisions\/15870"}],"wp:attachment":[{"href":"https:\/\/outsource-24.de\/index.php?rest_route=%2Fwp%2Fv2%2Fmedia&parent=15039"}],"curies":[{"name":"wp","href":"https:\/\/api.w.org\/{rel}","templated":true}]}}