{"id":15057,"date":"2024-10-17T14:06:27","date_gmt":"2024-10-17T14:06:27","guid":{"rendered":"https:\/\/outsource-24.de\/?page_id=15057"},"modified":"2025-03-07T18:55:07","modified_gmt":"2025-03-07T18:55:07","slug":"outsource-24-kalite","status":"publish","type":"page","link":"https:\/\/outsource-24.de\/?page_id=15057","title":{"rendered":"OUTSOURCE-24 | KALITE"},"content":{"rendered":"\t\t<div data-elementor-type=\"wp-page\" data-elementor-id=\"15057\" class=\"elementor elementor-15057\" data-elementor-post-type=\"page\">\n\t\t\t\t<div class=\"elementor-element elementor-element-05b3c7b animated-slow e-flex e-con-boxed wpr-particle-no wpr-jarallax-no wpr-parallax-no wpr-sticky-section-no elementor-invisible e-con e-parent\" data-id=\"05b3c7b\" data-element_type=\"container\" data-settings=\"{&quot;animation&quot;:&quot;fadeIn&quot;}\">\n\t\t\t\t\t<div class=\"e-con-inner\">\n\t\t\t\t<div class=\"elementor-element elementor-element-4f09bd8 exad-sticky-section-no exad-glass-effect-no elementor-widget elementor-widget-heading\" data-id=\"4f09bd8\" data-element_type=\"widget\" data-widget_type=\"heading.default\">\n\t\t\t\t<div class=\"elementor-widget-container\">\n\t\t\t<style>\/*! elementor - v3.23.0 - 25-07-2024 *\/\n.elementor-heading-title{padding:0;margin:0;line-height:1}.elementor-widget-heading .elementor-heading-title[class*=elementor-size-]>a{color:inherit;font-size:inherit;line-height:inherit}.elementor-widget-heading .elementor-heading-title.elementor-size-small{font-size:15px}.elementor-widget-heading .elementor-heading-title.elementor-size-medium{font-size:19px}.elementor-widget-heading .elementor-heading-title.elementor-size-large{font-size:29px}.elementor-widget-heading .elementor-heading-title.elementor-size-xl{font-size:39px}.elementor-widget-heading .elementor-heading-title.elementor-size-xxl{font-size:59px}<\/style><h2 class=\"elementor-heading-title elementor-size-default\">KAL\u0130TE <\/h2>\t\t<\/div>\n\t\t\t\t<\/div>\n\t\t\t\t<div class=\"elementor-element elementor-element-71c96cb exad-sticky-section-no exad-glass-effect-no elementor-widget elementor-widget-heading\" data-id=\"71c96cb\" data-element_type=\"widget\" data-widget_type=\"heading.default\">\n\t\t\t\t<div class=\"elementor-widget-container\">\n\t\t\t<h2 class=\"elementor-heading-title elementor-size-default\">Outsource24 ile en \u00fcst d\u00fczey Kalite standartlar\u0131<\/h2>\t\t<\/div>\n\t\t\t\t<\/div>\n\t\t\t\t\t<\/div>\n\t\t\t\t<\/div>\n\t\t<div class=\"elementor-element elementor-element-9ccf0ca e-grid animated-slow e-con-boxed wpr-particle-no wpr-jarallax-no wpr-parallax-no wpr-sticky-section-no elementor-invisible e-con e-parent\" data-id=\"9ccf0ca\" data-element_type=\"container\" data-settings=\"{&quot;animation&quot;:&quot;fadeIn&quot;}\">\n\t\t\t\t\t<div class=\"e-con-inner\">\n\t\t\t\t<div class=\"elementor-element elementor-element-1234e53 animated-slow exad-sticky-section-no exad-glass-effect-no elementor-invisible elementor-widget elementor-widget-heading\" data-id=\"1234e53\" data-element_type=\"widget\" data-settings=\"{&quot;_animation&quot;:&quot;fadeIn&quot;}\" data-widget_type=\"heading.default\">\n\t\t\t\t<div class=\"elementor-widget-container\">\n\t\t\t<p class=\"elementor-heading-title elementor-size-default\">Bizim i\u00e7in kalite, misyonumuzun merkezinde yer al\u0131r. Temel hedefimiz, en y\u00fcksek standartlar\u0131 belirlemek ve s\u00fcrekli iyile\u015ftirmeler yaparak m\u00fc\u015fterilerimize m\u00fckemmel sonu\u00e7lar sunmakt\u0131r. Ger\u00e7ek kalitenin, dikkatli planlama, hassas uygulama ve t\u00fcm s\u00fcre\u00e7lerin s\u00fcrekli izlenmesinde yatt\u0131\u011f\u0131na kesinlikle inan\u0131yoruz. Bu nedenle, \u00e7al\u0131\u015fanlar\u0131m\u0131z\u0131n s\u00fcrekli e\u011fitimi ve en modern teknolojilerin kullan\u0131m\u0131, size daima en iyi \u00e7\u00f6z\u00fcmleri sunmam\u0131z a\u00e7\u0131s\u0131ndan b\u00fcy\u00fck \u00f6nem ta\u015f\u0131r.<\/p>\t\t<\/div>\n\t\t\t\t<\/div>\n\t\t\t\t\t<\/div>\n\t\t\t\t<\/div>\n\t\t<div class=\"elementor-element elementor-element-1bbe436 e-grid e-con-boxed wpr-particle-no wpr-jarallax-no wpr-parallax-no wpr-sticky-section-no e-con e-parent\" data-id=\"1bbe436\" data-element_type=\"container\">\n\t\t\t\t\t<div class=\"e-con-inner\">\n\t\t<div class=\"elementor-element elementor-element-a6df803 e-grid e-con-full animated-slow wpr-particle-no wpr-jarallax-no wpr-parallax-no wpr-sticky-section-no elementor-invisible e-con e-child\" data-id=\"a6df803\" data-element_type=\"container\" data-settings=\"{&quot;animation&quot;:&quot;fadeIn&quot;}\">\n\t\t\t\t<div class=\"elementor-element elementor-element-0370a1f animated-slow exad-sticky-section-no exad-glass-effect-no elementor-invisible elementor-widget elementor-widget-heading\" data-id=\"0370a1f\" data-element_type=\"widget\" data-settings=\"{&quot;_animation&quot;:&quot;fadeIn&quot;}\" data-widget_type=\"heading.default\">\n\t\t\t\t<div class=\"elementor-widget-container\">\n\t\t\t<p class=\"elementor-heading-title elementor-size-default\">Kalite felsefemiz, her projeye katt\u0131\u011f\u0131m\u0131z geni\u015f bilgi birikimi ve y\u0131llar\u0131n deneyimine dayan\u0131r. T\u00fcm i\u015f s\u00fcre\u00e7lerini s\u0131k\u0131 kalite kontrolleri ve titiz bir denetimle izleyerek, en y\u00fcksek beklentilerinizi kar\u015f\u0131lamakla kalmay\u0131p, onlar\u0131 daima a\u015fmay\u0131 hedefliyoruz. Bu, DIN EN ISO 9001:2015\u2019e* uygun olarak tasarlanm\u0131\u015f s\u0131k\u0131 ve eksiksiz kalite y\u00f6netim sistemimiz taraf\u0131ndan desteklenmektedir ve bu sistem, istikrarl\u0131 ve s\u00fcrekli bir i\u015f birli\u011fi \u00fczerine kuruludur.<\/p>\t\t<\/div>\n\t\t\t\t<\/div>\n\t\t\t\t<div class=\"elementor-element elementor-element-1a2ac56 animated-slow exad-sticky-section-no exad-glass-effect-no elementor-invisible elementor-widget elementor-widget-image\" data-id=\"1a2ac56\" data-element_type=\"widget\" data-settings=\"{&quot;_animation&quot;:&quot;fadeIn&quot;}\" data-widget_type=\"image.default\">\n\t\t\t\t<div class=\"elementor-widget-container\">\n\t\t\t<style>\/*! elementor - v3.23.0 - 25-07-2024 *\/\n.elementor-widget-image{text-align:center}.elementor-widget-image a{display:inline-block}.elementor-widget-image a img[src$=\".svg\"]{width:48px}.elementor-widget-image img{vertical-align:middle;display:inline-block}<\/style>\t\t\t\t\t\t\t\t\t\t<img fetchpriority=\"high\" decoding=\"async\" width=\"360\" height=\"360\" src=\"https:\/\/outsource-24.de\/wp-content\/uploads\/2024\/09\/Zert-Logo-9001_2015-V-1_0.png\" class=\"elementor-animation-grow attachment-large size-large wp-image-13310\" alt=\"QUACERT\" srcset=\"https:\/\/outsource-24.de\/wp-content\/uploads\/2024\/09\/Zert-Logo-9001_2015-V-1_0.png 360w, https:\/\/outsource-24.de\/wp-content\/uploads\/2024\/09\/Zert-Logo-9001_2015-V-1_0-300x300.png 300w, https:\/\/outsource-24.de\/wp-content\/uploads\/2024\/09\/Zert-Logo-9001_2015-V-1_0-150x150.png 150w\" sizes=\"(max-width: 360px) 100vw, 360px\" \/>\t\t\t\t\t\t\t\t\t\t\t\t\t<\/div>\n\t\t\t\t<\/div>\n\t\t\t\t<\/div>\n\t\t\t\t\t<\/div>\n\t\t\t\t<\/div>\n\t\t<div class=\"elementor-element elementor-element-cf1697a e-grid animated-slow e-con-boxed wpr-particle-no wpr-jarallax-no wpr-parallax-no wpr-sticky-section-no elementor-invisible e-con e-parent\" data-id=\"cf1697a\" data-element_type=\"container\" data-settings=\"{&quot;animation&quot;:&quot;fadeIn&quot;}\">\n\t\t\t\t\t<div class=\"e-con-inner\">\n\t\t\t\t<div class=\"elementor-element elementor-element-5c019f8 animated-slow exad-sticky-section-no exad-glass-effect-no elementor-invisible elementor-widget elementor-widget-heading\" data-id=\"5c019f8\" data-element_type=\"widget\" data-settings=\"{&quot;_animation&quot;:&quot;fadeIn&quot;}\" data-widget_type=\"heading.default\">\n\t\t\t\t<div class=\"elementor-widget-container\">\n\t\t\t<p class=\"elementor-heading-title elementor-size-default\">Kaliteye olan ba\u011fl\u0131l\u0131\u011f\u0131m\u0131z\u0131n bir di\u011fer avantaj\u0131 ise, rekabet g\u00fcc\u00fcn\u00fcz\u00fc s\u00fcrd\u00fcr\u00fclebilir bir \u015fekilde art\u0131rmam\u0131zd\u0131r. Kan\u0131tlanm\u0131\u015f y\u00f6ntemler ve yenilik\u00e7i yakla\u015f\u0131mlar uygulayarak, projelerinizin verimli ve maliyet etkin bir \u015fekilde hayata ge\u00e7irilmesini sa\u011fl\u0131yoruz. Kalitenin sadece tatmin etmekle kalmay\u0131p, ayn\u0131 zamanda s\u00fcrd\u00fcr\u00fclebilir ba\u015far\u0131y\u0131 da garanti etti\u011fine inan\u0131yorsan\u0131z, Outsource24 GmbH\u2019ye g\u00fcvenin. <br><br>\n\nOutsource24 GmbH olarak, s\u00fcre\u00e7lerimizin \u015feffaf ve izlenebilir olmas\u0131na b\u00fcy\u00fck \u00f6nem veriyoruz. Bu, g\u00fcven verir ve m\u00fc\u015fterilerimizle yak\u0131n ve uzun vadeli bir i\u015f birli\u011fi sa\u011flar. Kapsaml\u0131 kalite stratejimizle, her projede size g\u00fcven, istikrar ve \u00fcst\u00fcn performans sa\u011fl\u0131yoruz. Kalite, m\u00fckemmellik ve d\u00fcr\u00fcstl\u00fckle in\u015fa edilmi\u015f kal\u0131c\u0131 bir i\u015f birli\u011fi i\u00e7in Outsource24 GmbH\u2019ye g\u00fcvenebilirsiniz.\n<\/p>\t\t<\/div>\n\t\t\t\t<\/div>\n\t\t\t\t\t<\/div>\n\t\t\t\t<\/div>\n\t\t<div class=\"elementor-element elementor-element-4094cd4 e-flex e-con-boxed wpr-particle-no wpr-jarallax-no wpr-parallax-no wpr-sticky-section-no e-con e-parent\" data-id=\"4094cd4\" data-element_type=\"container\">\n\t\t\t\t\t<div class=\"e-con-inner\">\n\t\t\t\t<div class=\"elementor-element elementor-element-651c3fa exad-sticky-section-no exad-glass-effect-no elementor-widget elementor-widget-text-editor\" data-id=\"651c3fa\" data-element_type=\"widget\" data-widget_type=\"text-editor.default\">\n\t\t\t\t<div class=\"elementor-widget-container\">\n\t\t\t<style>\/*! elementor - v3.23.0 - 25-07-2024 *\/\n.elementor-widget-text-editor.elementor-drop-cap-view-stacked .elementor-drop-cap{background-color:#69727d;color:#fff}.elementor-widget-text-editor.elementor-drop-cap-view-framed .elementor-drop-cap{color:#69727d;border:3px solid;background-color:transparent}.elementor-widget-text-editor:not(.elementor-drop-cap-view-default) .elementor-drop-cap{margin-top:8px}.elementor-widget-text-editor:not(.elementor-drop-cap-view-default) .elementor-drop-cap-letter{width:1em;height:1em}.elementor-widget-text-editor .elementor-drop-cap{float:left;text-align:center;line-height:1;font-size:50px}.elementor-widget-text-editor .elementor-drop-cap-letter{display:inline-block}<\/style>\t\t\t\t<p>*DIN EN ISO 9001:2015 belgesi yaln\u0131zca D\u00fcsseldorf merkezini i\u00e7ermektedir.<\/p>\t\t\t\t\t\t<\/div>\n\t\t\t\t<\/div>\n\t\t\t\t\t<\/div>\n\t\t\t\t<\/div>\n\t\t\t\t<\/div>\n\t\t","protected":false},"excerpt":{"rendered":"<p>KAL\u0130TE Outsource24 ile en \u00fcst d\u00fczey Kalite standartlar\u0131 Bizim i\u00e7in kalite, misyonumuzun merkezinde yer al\u0131r. Temel hedefimiz, en y\u00fcksek standartlar\u0131 belirlemek ve s\u00fcrekli iyile\u015ftirmeler yaparak m\u00fc\u015fterilerimize m\u00fckemmel sonu\u00e7lar sunmakt\u0131r. Ger\u00e7ek kalitenin, dikkatli planlama, hassas uygulama ve t\u00fcm s\u00fcre\u00e7lerin s\u00fcrekli izlenmesinde yatt\u0131\u011f\u0131na kesinlikle inan\u0131yoruz. Bu nedenle, \u00e7al\u0131\u015fanlar\u0131m\u0131z\u0131n s\u00fcrekli e\u011fitimi ve en modern teknolojilerin kullan\u0131m\u0131, size daima en iyi \u00e7\u00f6z\u00fcmleri sunmam\u0131z a\u00e7\u0131s\u0131ndan b\u00fcy\u00fck \u00f6nem ta\u015f\u0131r. Kalite felsefemiz,&#8230; <\/p>\n<p class=\"more\"><a class=\"more-link\" href=\"https:\/\/outsource-24.de\/?page_id=15057\">Read More<\/a><\/p>\n","protected":false},"author":1,"featured_media":0,"parent":0,"menu_order":0,"comment_status":"closed","ping_status":"closed","template":"","meta":{"inline_featured_image":false,"footnotes":""},"class_list":["post-15057","page","type-page","status-publish","hentry","is-cat-link-borders-light is-cat-link-rounded"],"_links":{"self":[{"href":"https:\/\/outsource-24.de\/index.php?rest_route=\/wp\/v2\/pages\/15057"}],"collection":[{"href":"https:\/\/outsource-24.de\/index.php?rest_route=\/wp\/v2\/pages"}],"about":[{"href":"https:\/\/outsource-24.de\/index.php?rest_route=\/wp\/v2\/types\/page"}],"author":[{"embeddable":true,"href":"https:\/\/outsource-24.de\/index.php?rest_route=\/wp\/v2\/users\/1"}],"replies":[{"embeddable":true,"href":"https:\/\/outsource-24.de\/index.php?rest_route=%2Fwp%2Fv2%2Fcomments&post=15057"}],"version-history":[{"count":6,"href":"https:\/\/outsource-24.de\/index.php?rest_route=\/wp\/v2\/pages\/15057\/revisions"}],"predecessor-version":[{"id":15893,"href":"https:\/\/outsource-24.de\/index.php?rest_route=\/wp\/v2\/pages\/15057\/revisions\/15893"}],"wp:attachment":[{"href":"https:\/\/outsource-24.de\/index.php?rest_route=%2Fwp%2Fv2%2Fmedia&parent=15057"}],"curies":[{"name":"wp","href":"https:\/\/api.w.org\/{rel}","templated":true}]}}